{"id":687,"date":"2024-01-04T14:17:40","date_gmt":"2024-01-04T14:17:40","guid":{"rendered":"https:\/\/criandu.com.br\/acaidelicia\/order-online\/"},"modified":"2024-01-11T15:17:24","modified_gmt":"2024-01-11T18:17:24","slug":"order-online","status":"publish","type":"page","link":"https:\/\/criandu.com.br\/acaidelicia\/order-online\/","title":{"rendered":"Perdir"},"content":{"rendered":"\t\t<div data-elementor-type=\"wp-page\" data-elementor-id=\"687\" class=\"elementor elementor-687\" data-elementor-post-type=\"page\">\n\t\t\t\t\t\t<section class=\"elementor-section elementor-top-section elementor-element elementor-element-54561b1 elementor-section-boxed elementor-section-height-default elementor-section-height-default\" data-id=\"54561b1\" data-element_type=\"section\">\n\t\t\t\t\t\t<div class=\"elementor-container elementor-column-gap-default\">\n\t\t\t\t\t<div class=\"elementor-column elementor-col-100 elementor-top-column elementor-element elementor-element-4cdfe449\" data-id=\"4cdfe449\" data-element_type=\"column\">\n\t\t\t<div class=\"elementor-widget-wrap elementor-element-populated\">\n\t\t\t\t\t\t<div class=\"elementor-element elementor-element-1272d7a elementor-widget elementor-widget-heading\" data-id=\"1272d7a\" data-element_type=\"widget\" data-widget_type=\"heading.default\">\n\t\t\t\t<div class=\"elementor-widget-container\">\n\t\t\t<style>\/*! elementor - v3.19.0 - 07-02-2024 *\/\n.elementor-heading-title{padding:0;margin:0;line-height:1}.elementor-widget-heading .elementor-heading-title[class*=elementor-size-]>a{color:inherit;font-size:inherit;line-height:inherit}.elementor-widget-heading .elementor-heading-title.elementor-size-small{font-size:15px}.elementor-widget-heading .elementor-heading-title.elementor-size-medium{font-size:19px}.elementor-widget-heading .elementor-heading-title.elementor-size-large{font-size:29px}.elementor-widget-heading .elementor-heading-title.elementor-size-xl{font-size:39px}.elementor-widget-heading .elementor-heading-title.elementor-size-xxl{font-size:59px}<\/style><h2 class=\"elementor-heading-title elementor-size-default\">Nosso  Card\u00e1pio<\/h2>\t\t<\/div>\n\t\t\t\t<\/div>\n\t\t\t\t<div class=\"elementor-element elementor-element-8583775 elementor-widget elementor-widget-heading\" data-id=\"8583775\" data-element_type=\"widget\" data-widget_type=\"heading.default\">\n\t\t\t\t<div class=\"elementor-widget-container\">\n\t\t\t<h2 class=\"elementor-heading-title elementor-size-default\">Doce, cremoso e irresistivelmente delicioso  assim \u00e9 o a\u00e7a\u00ed.<\/h2>\t\t<\/div>\n\t\t\t\t<\/div>\n\t\t\t\t<div class=\"elementor-element elementor-element-317e69f0 elementor-invisible elementor-widget elementor-widget-shortcode\" data-id=\"317e69f0\" data-element_type=\"widget\" data-settings=\"{&quot;_animation&quot;:&quot;fadeIn&quot;}\" data-widget_type=\"shortcode.default\">\n\t\t\t\t<div class=\"elementor-widget-container\">\n\t\t\t\t\t<div class=\"elementor-shortcode\"><div id=\"foodstore\" class=\"fs-container\">\n\t<div class=\"fs-row\">\n<div id=\"wfs-sticky-sidebar\" class=\"\">\n  <div class=\"wfs-sidebar-menu\">\n    <ul>\n<li class=\"wfs-category-menu-li copo\">\n  \n      <a class=\"wfs-loop-category__title\" data-category-title=\"copo\" data-category-id=\"20\" href=\"javascript:void(0);\">\n      Copo <span class=\"wfs-items-count\">4<\/span>    <\/a>\n    \n<\/li>\n<li class=\"wfs-category-menu-li tijela\">\n  \n      <a class=\"wfs-loop-category__title\" data-category-title=\"tijela\" data-category-id=\"21\" href=\"javascript:void(0);\">\n      Tijela <span class=\"wfs-items-count\">4<\/span>    <\/a>\n    \n<\/li>\n<li class=\"wfs-category-menu-li barca\">\n  \n      <a class=\"wfs-loop-category__title\" data-category-title=\"barca\" data-category-id=\"22\" href=\"javascript:void(0);\">\n      Barca <span class=\"wfs-items-count\">3<\/span>    <\/a>\n    \n<\/li>    <\/ul>\n  <\/div>\n<\/div>\n<div id=\"wfs-food-items\" class=\"\"><!-- Search bar start -->\n<div class=\"wfs-search-container\">\n<input class=\"wfs-food-search\" type=\"text\" placeholder=\"Buscar meu a\u00e7a\u00ed...\" name=\"wfs-search\">\n<i class=\"wfs-icon-search\"><\/i>\n<\/div>\n<!-- Search bar end -->\n<!--  Food Category Menu -->\n<div id=\"20_start\" class=\"wfs-category-title-container not-in-search in-search\"  data-category-title=\"copo\" data-term-id=\"20\" >\n\t\n\t\n\t<h3 id=\"20\" data-title=\"copo\" class=\"wfs-category-title\">Copo<\/h3>\n\t<span class=\"wfs-category-short-desciption\"><\/span>\n\n\t\n<\/div><div class=\"fs-row\"><div class=\"fs-col-lg-12 fs-col-md-12 fs-col-sm-12 fs-col-xs-12\">\n<div class=\"wfs-food-item-container\" data-term-id=\"20\">\n\n  \n\n\t<div class=\"wfs-food-item-image-container\">\n\t\t\n\t\t\n\t\t\t\t  \t\t\n\t  \t\t<img decoding=\"async\" class=\"\" alt=\"Aca\u00ed Prime\" src=\"https:\/\/criandu.com.br\/acaidelicia\/wp-content\/uploads\/2024\/01\/combo-prime-300x300.png\" style=\"width: 105px;\" \/>\n\t  \t\n\t  \t\t<\/div>\n\n  <div class=\"wfs-food-item-summery\">\n    \n    <a href=\"javascript:void(0);\" class=\"wfs-food-item-title\">Aca\u00ed Prime<\/a><div class=\"wfs-food-item-description\">\n  \tA\u00e7a\u00ed + 3 camadas de ninho+\u00a0 3 morango picados<\/div><p class=\"price\"><span class=\"woocommerce-Price-amount amount\"><bdi><span class=\"woocommerce-Price-currencySymbol\">&#82;&#36;<\/span>&nbsp;13,00<\/bdi><\/span> &ndash; <span class=\"woocommerce-Price-amount amount\"><bdi><span class=\"woocommerce-Price-currencySymbol\">&#82;&#36;<\/span>&nbsp;23,00<\/bdi><\/span><\/p>    \n    \n      <button class=\"fs-btn fs-btn-primary button-add-to-cart wfs-product-modal\" data-product-id=\"742\" data-loading-text=\"Aguarde...\">\n          <span class=\"wfs_btn_txt\">Adicionar<\/span>\n          <i class=\"wfs-icon-plus\"><\/i>\n        <\/button>\n\n    \n  <\/div>\n\n  \n<div class=\"fs-text-right wfs-food-item-cart-action\">\n\t\n\t\n\t\t<button class=\"fs-btn fs-btn-primary button-add-to-cart wfs-product-modal\" data-product-id=\"742\" data-loading-text=\"Aguarde...\">\n    \t\t<span class=\"wfs_btn_txt\">Adicionar<\/span>\n    \t\t<i class=\"wfs-icon-plus\"><\/i>\n  \t\t<\/button>\n\n\t<\/div>\n<\/div><\/div><\/div><div class=\"fs-row\"><div class=\"fs-col-lg-12 fs-col-md-12 fs-col-sm-12 fs-col-xs-12\">\n<div class=\"wfs-food-item-container\" data-term-id=\"20\">\n\n  \n\n\t<div class=\"wfs-food-item-image-container\">\n\t\t\n\t\t\n\t\t\t\t  \t\t\n\t  \t\t<img decoding=\"async\" class=\"\" alt=\"Aca\u00ed Ver\u00e3o\" src=\"https:\/\/criandu.com.br\/acaidelicia\/wp-content\/uploads\/2024\/01\/combo-verao-300x300.png\" style=\"width: 105px;\" \/>\n\t  \t\n\t  \t\t<\/div>\n\n  <div class=\"wfs-food-item-summery\">\n    \n    <a href=\"javascript:void(0);\" class=\"wfs-food-item-title\">Aca\u00ed Ver\u00e3o<\/a><div class=\"wfs-food-item-description\">\n  \tA\u00e7a\u00ed+3 camadas de ninho + Nutela +Leite condensado + Morango<\/div><p class=\"price\"><span class=\"woocommerce-Price-amount amount\"><bdi><span class=\"woocommerce-Price-currencySymbol\">&#82;&#36;<\/span>&nbsp;20,00<\/bdi><\/span> &ndash; <span class=\"woocommerce-Price-amount amount\"><bdi><span class=\"woocommerce-Price-currencySymbol\">&#82;&#36;<\/span>&nbsp;28,00<\/bdi><\/span><\/p>    \n    \n      <button class=\"fs-btn fs-btn-primary button-add-to-cart wfs-product-modal\" data-product-id=\"743\" data-loading-text=\"Aguarde...\">\n          <span class=\"wfs_btn_txt\">Adicionar<\/span>\n          <i class=\"wfs-icon-plus\"><\/i>\n        <\/button>\n\n    \n  <\/div>\n\n  \n<div class=\"fs-text-right wfs-food-item-cart-action\">\n\t\n\t\n\t\t<button class=\"fs-btn fs-btn-primary button-add-to-cart wfs-product-modal\" data-product-id=\"743\" data-loading-text=\"Aguarde...\">\n    \t\t<span class=\"wfs_btn_txt\">Adicionar<\/span>\n    \t\t<i class=\"wfs-icon-plus\"><\/i>\n  \t\t<\/button>\n\n\t<\/div>\n<\/div><\/div><\/div><div class=\"fs-row\"><div class=\"fs-col-lg-12 fs-col-md-12 fs-col-sm-12 fs-col-xs-12\">\n<div class=\"wfs-food-item-container\" data-term-id=\"20\">\n\n  \n\n\t<div class=\"wfs-food-item-image-container\">\n\t\t\n\t\t\n\t\t\t\t  \t\t\n\t  \t\t<img decoding=\"async\" class=\"\" alt=\"Aca\u00ed Del\u00edcia\" src=\"https:\/\/criandu.com.br\/acaidelicia\/wp-content\/uploads\/2024\/01\/combo-delicia-300x300.png\" style=\"width: 105px;\" \/>\n\t  \t\n\t  \t\t<\/div>\n\n  <div class=\"wfs-food-item-summery\">\n    \n    <a href=\"javascript:void(0);\" class=\"wfs-food-item-title\">Aca\u00ed Del\u00edcia<\/a><div class=\"wfs-food-item-description\">\n  \tA\u00e7a\u00ed + 3 camadas de ninho + Nutela+ Banana + Mousse de Morango<\/div><p class=\"price\"><span class=\"woocommerce-Price-amount amount\"><bdi><span class=\"woocommerce-Price-currencySymbol\">&#82;&#36;<\/span>&nbsp;25,00<\/bdi><\/span> &ndash; <span class=\"woocommerce-Price-amount amount\"><bdi><span class=\"woocommerce-Price-currencySymbol\">&#82;&#36;<\/span>&nbsp;33,00<\/bdi><\/span><\/p>    \n    \n      <button class=\"fs-btn fs-btn-primary button-add-to-cart wfs-product-modal\" data-product-id=\"744\" data-loading-text=\"Aguarde...\">\n          <span class=\"wfs_btn_txt\">Adicionar<\/span>\n          <i class=\"wfs-icon-plus\"><\/i>\n        <\/button>\n\n    \n  <\/div>\n\n  \n<div class=\"fs-text-right wfs-food-item-cart-action\">\n\t\n\t\n\t\t<button class=\"fs-btn fs-btn-primary button-add-to-cart wfs-product-modal\" data-product-id=\"744\" data-loading-text=\"Aguarde...\">\n    \t\t<span class=\"wfs_btn_txt\">Adicionar<\/span>\n    \t\t<i class=\"wfs-icon-plus\"><\/i>\n  \t\t<\/button>\n\n\t<\/div>\n<\/div><\/div><\/div><div class=\"fs-row\"><div class=\"fs-col-lg-12 fs-col-md-12 fs-col-sm-12 fs-col-xs-12\">\n<div class=\"wfs-food-item-container\" data-term-id=\"20\">\n\n  \n\n\t<div class=\"wfs-food-item-image-container\">\n\t\t\n\t\t\n\t\t\t\t  \t\t\n\t  \t\t<img decoding=\"async\" class=\"\" alt=\"A\u00e7a\u00ed Ninho\" src=\"https:\/\/criandu.com.br\/acaidelicia\/wp-content\/uploads\/2024\/01\/combo-ninho-300x300.png\" style=\"width: 105px;\" \/>\n\t  \t\n\t  \t\t<\/div>\n\n  <div class=\"wfs-food-item-summery\">\n    \n    <a href=\"javascript:void(0);\" class=\"wfs-food-item-title\">A\u00e7a\u00ed Ninho<\/a><div class=\"wfs-food-item-description\">\n  \tA\u00e7a\u00ed, 3 camadas de ninho<\/div><p class=\"price\"><span class=\"woocommerce-Price-amount amount\"><bdi><span class=\"woocommerce-Price-currencySymbol\">&#82;&#36;<\/span>&nbsp;1,00<\/bdi><\/span> &ndash; <span class=\"woocommerce-Price-amount amount\"><bdi><span class=\"woocommerce-Price-currencySymbol\">&#82;&#36;<\/span>&nbsp;18,00<\/bdi><\/span><\/p>    \n    \n      <button class=\"fs-btn fs-btn-primary button-add-to-cart wfs-product-modal\" data-product-id=\"1366\" data-loading-text=\"Aguarde...\">\n          <span class=\"wfs_btn_txt\">Adicionar<\/span>\n          <i class=\"wfs-icon-plus\"><\/i>\n        <\/button>\n\n    \n  <\/div>\n\n  \n<div class=\"fs-text-right wfs-food-item-cart-action\">\n\t\n\t\n\t\t<button class=\"fs-btn fs-btn-primary button-add-to-cart wfs-product-modal\" data-product-id=\"1366\" data-loading-text=\"Aguarde...\">\n    \t\t<span class=\"wfs_btn_txt\">Adicionar<\/span>\n    \t\t<i class=\"wfs-icon-plus\"><\/i>\n  \t\t<\/button>\n\n\t<\/div>\n<\/div><\/div><\/div><div class=\"fs-row\"><\/div>\n<div id=\"copo_end\"><\/div>\n<!--  Food Category Menu End -->\n<!--  Food Category Menu -->\n<div id=\"21_start\" class=\"wfs-category-title-container not-in-search in-search\"  data-category-title=\"tijela\" data-term-id=\"21\" >\n\t\n\t\n\t<h3 id=\"21\" data-title=\"tijela\" class=\"wfs-category-title\">Tijela<\/h3>\n\t<span class=\"wfs-category-short-desciption\"><\/span>\n\n\t\n<\/div><div class=\"fs-row\"><div class=\"fs-col-lg-12 fs-col-md-12 fs-col-sm-12 fs-col-xs-12\">\n<div class=\"wfs-food-item-container\" data-term-id=\"21\">\n\n  \n\n\t<div class=\"wfs-food-item-image-container\">\n\t\t\n\t\t\n\t\t\t\t  \t\t\n\t  \t\t<img decoding=\"async\" class=\"\" alt=\"Tijela Ninho\" src=\"https:\/\/criandu.com.br\/acaidelicia\/wp-content\/uploads\/2024\/01\/4-300x300.png\" style=\"width: 105px;\" \/>\n\t  \t\n\t  \t\t<\/div>\n\n  <div class=\"wfs-food-item-summery\">\n    \n    <a href=\"javascript:void(0);\" class=\"wfs-food-item-title\">Tijela Ninho<\/a><div class=\"wfs-food-item-description\">\n  \tA\u00e7a\u00ed, 3 camadas de ninho<\/div><p class=\"price\"><span class=\"woocommerce-Price-amount amount\"><bdi><span class=\"woocommerce-Price-currencySymbol\">&#82;&#36;<\/span>&nbsp;10,00<\/bdi><\/span> &ndash; <span class=\"woocommerce-Price-amount amount\"><bdi><span class=\"woocommerce-Price-currencySymbol\">&#82;&#36;<\/span>&nbsp;18,00<\/bdi><\/span><\/p>    \n    \n      <button class=\"fs-btn fs-btn-primary button-add-to-cart wfs-product-modal\" data-product-id=\"695\" data-loading-text=\"Aguarde...\">\n          <span class=\"wfs_btn_txt\">Adicionar<\/span>\n          <i class=\"wfs-icon-plus\"><\/i>\n        <\/button>\n\n    \n  <\/div>\n\n  \n<div class=\"fs-text-right wfs-food-item-cart-action\">\n\t\n\t\n\t\t<button class=\"fs-btn fs-btn-primary button-add-to-cart wfs-product-modal\" data-product-id=\"695\" data-loading-text=\"Aguarde...\">\n    \t\t<span class=\"wfs_btn_txt\">Adicionar<\/span>\n    \t\t<i class=\"wfs-icon-plus\"><\/i>\n  \t\t<\/button>\n\n\t<\/div>\n<\/div><\/div><\/div><div class=\"fs-row\"><div class=\"fs-col-lg-12 fs-col-md-12 fs-col-sm-12 fs-col-xs-12\">\n<div class=\"wfs-food-item-container\" data-term-id=\"21\">\n\n  \n\n\t<div class=\"wfs-food-item-image-container\">\n\t\t\n\t\t\n\t\t\t\t  \t\t\n\t  \t\t<img decoding=\"async\" class=\"\" alt=\"Tijeja Del\u00edcia\" src=\"https:\/\/criandu.com.br\/acaidelicia\/wp-content\/uploads\/2024\/01\/2-300x300.png\" style=\"width: 105px;\" \/>\n\t  \t\n\t  \t\t<\/div>\n\n  <div class=\"wfs-food-item-summery\">\n    \n    <a href=\"javascript:void(0);\" class=\"wfs-food-item-title\">Tijeja Del\u00edcia<\/a><div class=\"wfs-food-item-description\">\n  \tA\u00e7a\u00ed + 3 camadas de ninho + Nutela+ Banana + Mousse de Morango<\/div><p class=\"price\"><span class=\"woocommerce-Price-amount amount\"><bdi><span class=\"woocommerce-Price-currencySymbol\">&#82;&#36;<\/span>&nbsp;25,00<\/bdi><\/span> &ndash; <span class=\"woocommerce-Price-amount amount\"><bdi><span class=\"woocommerce-Price-currencySymbol\">&#82;&#36;<\/span>&nbsp;33,00<\/bdi><\/span><\/p>    \n    \n      <button class=\"fs-btn fs-btn-primary button-add-to-cart wfs-product-modal\" data-product-id=\"1334\" data-loading-text=\"Aguarde...\">\n          <span class=\"wfs_btn_txt\">Adicionar<\/span>\n          <i class=\"wfs-icon-plus\"><\/i>\n        <\/button>\n\n    \n  <\/div>\n\n  \n<div class=\"fs-text-right wfs-food-item-cart-action\">\n\t\n\t\n\t\t<button class=\"fs-btn fs-btn-primary button-add-to-cart wfs-product-modal\" data-product-id=\"1334\" data-loading-text=\"Aguarde...\">\n    \t\t<span class=\"wfs_btn_txt\">Adicionar<\/span>\n    \t\t<i class=\"wfs-icon-plus\"><\/i>\n  \t\t<\/button>\n\n\t<\/div>\n<\/div><\/div><\/div><div class=\"fs-row\"><div class=\"fs-col-lg-12 fs-col-md-12 fs-col-sm-12 fs-col-xs-12\">\n<div class=\"wfs-food-item-container\" data-term-id=\"21\">\n\n  \n\n\t<div class=\"wfs-food-item-image-container\">\n\t\t\n\t\t\n\t\t\t\t  \t\t\n\t  \t\t<img decoding=\"async\" class=\"\" alt=\"Tijela Ver\u00e3o\" src=\"https:\/\/criandu.com.br\/acaidelicia\/wp-content\/uploads\/2024\/01\/3-300x300.png\" style=\"width: 105px;\" \/>\n\t  \t\n\t  \t\t<\/div>\n\n  <div class=\"wfs-food-item-summery\">\n    \n    <a href=\"javascript:void(0);\" class=\"wfs-food-item-title\">Tijela Ver\u00e3o<\/a><div class=\"wfs-food-item-description\">\n  \tA\u00e7a\u00ed+3 camadas de ninho + Nutela +Leite condensado + Morango<\/div><p class=\"price\"><span class=\"woocommerce-Price-amount amount\"><bdi><span class=\"woocommerce-Price-currencySymbol\">&#82;&#36;<\/span>&nbsp;20,00<\/bdi><\/span> &ndash; <span class=\"woocommerce-Price-amount amount\"><bdi><span class=\"woocommerce-Price-currencySymbol\">&#82;&#36;<\/span>&nbsp;28,00<\/bdi><\/span><\/p>    \n    \n      <button class=\"fs-btn fs-btn-primary button-add-to-cart wfs-product-modal\" data-product-id=\"1339\" data-loading-text=\"Aguarde...\">\n          <span class=\"wfs_btn_txt\">Adicionar<\/span>\n          <i class=\"wfs-icon-plus\"><\/i>\n        <\/button>\n\n    \n  <\/div>\n\n  \n<div class=\"fs-text-right wfs-food-item-cart-action\">\n\t\n\t\n\t\t<button class=\"fs-btn fs-btn-primary button-add-to-cart wfs-product-modal\" data-product-id=\"1339\" data-loading-text=\"Aguarde...\">\n    \t\t<span class=\"wfs_btn_txt\">Adicionar<\/span>\n    \t\t<i class=\"wfs-icon-plus\"><\/i>\n  \t\t<\/button>\n\n\t<\/div>\n<\/div><\/div><\/div><div class=\"fs-row\"><div class=\"fs-col-lg-12 fs-col-md-12 fs-col-sm-12 fs-col-xs-12\">\n<div class=\"wfs-food-item-container\" data-term-id=\"21\">\n\n  \n\n\t<div class=\"wfs-food-item-image-container\">\n\t\t\n\t\t\n\t\t\t\t  \t\t\n\t  \t\t<img decoding=\"async\" class=\"\" alt=\"Tijela Prime\" src=\"https:\/\/criandu.com.br\/acaidelicia\/wp-content\/uploads\/2024\/01\/5-300x300.png\" style=\"width: 105px;\" \/>\n\t  \t\n\t  \t\t<\/div>\n\n  <div class=\"wfs-food-item-summery\">\n    \n    <a href=\"javascript:void(0);\" class=\"wfs-food-item-title\">Tijela Prime<\/a><div class=\"wfs-food-item-description\">\n  \tA\u00e7a\u00ed + 3 camadas de ninho+\u00a0 3 morango picados<\/div><p class=\"price\"><span class=\"woocommerce-Price-amount amount\"><bdi><span class=\"woocommerce-Price-currencySymbol\">&#82;&#36;<\/span>&nbsp;13,00<\/bdi><\/span> &ndash; <span class=\"woocommerce-Price-amount amount\"><bdi><span class=\"woocommerce-Price-currencySymbol\">&#82;&#36;<\/span>&nbsp;23,00<\/bdi><\/span><\/p>    \n    \n      <button class=\"fs-btn fs-btn-primary button-add-to-cart wfs-product-modal\" data-product-id=\"1344\" data-loading-text=\"Aguarde...\">\n          <span class=\"wfs_btn_txt\">Adicionar<\/span>\n          <i class=\"wfs-icon-plus\"><\/i>\n        <\/button>\n\n    \n  <\/div>\n\n  \n<div class=\"fs-text-right wfs-food-item-cart-action\">\n\t\n\t\n\t\t<button class=\"fs-btn fs-btn-primary button-add-to-cart wfs-product-modal\" data-product-id=\"1344\" data-loading-text=\"Aguarde...\">\n    \t\t<span class=\"wfs_btn_txt\">Adicionar<\/span>\n    \t\t<i class=\"wfs-icon-plus\"><\/i>\n  \t\t<\/button>\n\n\t<\/div>\n<\/div><\/div><\/div><div class=\"fs-row\"><\/div>\n<div id=\"tijela_end\"><\/div>\n<!--  Food Category Menu End -->\n<!--  Food Category Menu -->\n<div id=\"22_start\" class=\"wfs-category-title-container not-in-search in-search\"  data-category-title=\"barca\" data-term-id=\"22\" >\n\t\n\t\n\t<h3 id=\"22\" data-title=\"barca\" class=\"wfs-category-title\">Barca<\/h3>\n\t<span class=\"wfs-category-short-desciption\"><\/span>\n\n\t\n<\/div><div class=\"fs-row\"><div class=\"fs-col-lg-12 fs-col-md-12 fs-col-sm-12 fs-col-xs-12\">\n<div class=\"wfs-food-item-container\" data-term-id=\"22\">\n\n  \n\n\t<div class=\"wfs-food-item-image-container\">\n\t\t\n\t\t\n\t\t\t\t  \t\t\n\t  \t\t<img decoding=\"async\" class=\"\" alt=\"Barca Prime\" src=\"https:\/\/criandu.com.br\/acaidelicia\/wp-content\/uploads\/2024\/01\/6-300x300.png\" style=\"width: 105px;\" \/>\n\t  \t\n\t  \t\t<\/div>\n\n  <div class=\"wfs-food-item-summery\">\n    \n    <a href=\"javascript:void(0);\" class=\"wfs-food-item-title\">Barca Prime<\/a><div class=\"wfs-food-item-description\">\n  \tA\u00e7a\u00ed + 3 camadas de ninho+\u00a0 3 morango picados<\/div><p class=\"price\"><span class=\"woocommerce-Price-amount amount\"><bdi><span class=\"woocommerce-Price-currencySymbol\">&#82;&#36;<\/span>&nbsp;13,00<\/bdi><\/span> &ndash; <span class=\"woocommerce-Price-amount amount\"><bdi><span class=\"woocommerce-Price-currencySymbol\">&#82;&#36;<\/span>&nbsp;23,00<\/bdi><\/span><\/p>    \n    \n      <button class=\"fs-btn fs-btn-primary button-add-to-cart wfs-product-modal\" data-product-id=\"1352\" data-loading-text=\"Aguarde...\">\n          <span class=\"wfs_btn_txt\">Adicionar<\/span>\n          <i class=\"wfs-icon-plus\"><\/i>\n        <\/button>\n\n    \n  <\/div>\n\n  \n<div class=\"fs-text-right wfs-food-item-cart-action\">\n\t\n\t\n\t\t<button class=\"fs-btn fs-btn-primary button-add-to-cart wfs-product-modal\" data-product-id=\"1352\" data-loading-text=\"Aguarde...\">\n    \t\t<span class=\"wfs_btn_txt\">Adicionar<\/span>\n    \t\t<i class=\"wfs-icon-plus\"><\/i>\n  \t\t<\/button>\n\n\t<\/div>\n<\/div><\/div><\/div><div class=\"fs-row\"><div class=\"fs-col-lg-12 fs-col-md-12 fs-col-sm-12 fs-col-xs-12\">\n<div class=\"wfs-food-item-container\" data-term-id=\"22\">\n\n  \n\n\t<div class=\"wfs-food-item-image-container\">\n\t\t\n\t\t\n\t\t\t\t  \t\t\n\t  \t\t<img decoding=\"async\" class=\"\" alt=\"Barca Ver\u00e3o\" src=\"https:\/\/criandu.com.br\/acaidelicia\/wp-content\/uploads\/2024\/01\/7-300x300.png\" style=\"width: 105px;\" \/>\n\t  \t\n\t  \t\t<\/div>\n\n  <div class=\"wfs-food-item-summery\">\n    \n    <a href=\"javascript:void(0);\" class=\"wfs-food-item-title\">Barca Ver\u00e3o<\/a><div class=\"wfs-food-item-description\">\n  \tA\u00e7a\u00ed+3 camadas de ninho + Nutela +Leite condensado + Morango<\/div><p class=\"price\"><span class=\"woocommerce-Price-amount amount\"><bdi><span class=\"woocommerce-Price-currencySymbol\">&#82;&#36;<\/span>&nbsp;20,00<\/bdi><\/span> &ndash; <span class=\"woocommerce-Price-amount amount\"><bdi><span class=\"woocommerce-Price-currencySymbol\">&#82;&#36;<\/span>&nbsp;28,00<\/bdi><\/span><\/p>    \n    \n      <button class=\"fs-btn fs-btn-primary button-add-to-cart wfs-product-modal\" data-product-id=\"1356\" data-loading-text=\"Aguarde...\">\n          <span class=\"wfs_btn_txt\">Adicionar<\/span>\n          <i class=\"wfs-icon-plus\"><\/i>\n        <\/button>\n\n    \n  <\/div>\n\n  \n<div class=\"fs-text-right wfs-food-item-cart-action\">\n\t\n\t\n\t\t<button class=\"fs-btn fs-btn-primary button-add-to-cart wfs-product-modal\" data-product-id=\"1356\" data-loading-text=\"Aguarde...\">\n    \t\t<span class=\"wfs_btn_txt\">Adicionar<\/span>\n    \t\t<i class=\"wfs-icon-plus\"><\/i>\n  \t\t<\/button>\n\n\t<\/div>\n<\/div><\/div><\/div><div class=\"fs-row\"><div class=\"fs-col-lg-12 fs-col-md-12 fs-col-sm-12 fs-col-xs-12\">\n<div class=\"wfs-food-item-container\" data-term-id=\"22\">\n\n  \n\n\t<div class=\"wfs-food-item-image-container\">\n\t\t\n\t\t\n\t\t\t\t  \t\t\n\t  \t\t<img decoding=\"async\" class=\"\" alt=\"Barca Del\u00edcia\" src=\"https:\/\/criandu.com.br\/acaidelicia\/wp-content\/uploads\/2024\/01\/9-300x300.png\" style=\"width: 105px;\" \/>\n\t  \t\n\t  \t\t<\/div>\n\n  <div class=\"wfs-food-item-summery\">\n    \n    <a href=\"javascript:void(0);\" class=\"wfs-food-item-title\">Barca Del\u00edcia<\/a><div class=\"wfs-food-item-description\">\n  \tA\u00e7a\u00ed + 3 camadas de ninho + Nutela+ Banana + Mousse de Morango<\/div><p class=\"price\"><span class=\"woocommerce-Price-amount amount\"><bdi><span class=\"woocommerce-Price-currencySymbol\">&#82;&#36;<\/span>&nbsp;25,00<\/bdi><\/span> &ndash; <span class=\"woocommerce-Price-amount amount\"><bdi><span class=\"woocommerce-Price-currencySymbol\">&#82;&#36;<\/span>&nbsp;33,00<\/bdi><\/span><\/p>    \n    \n      <button class=\"fs-btn fs-btn-primary button-add-to-cart wfs-product-modal\" data-product-id=\"1361\" data-loading-text=\"Aguarde...\">\n          <span class=\"wfs_btn_txt\">Adicionar<\/span>\n          <i class=\"wfs-icon-plus\"><\/i>\n        <\/button>\n\n    \n  <\/div>\n\n  \n<div class=\"fs-text-right wfs-food-item-cart-action\">\n\t\n\t\n\t\t<button class=\"fs-btn fs-btn-primary button-add-to-cart wfs-product-modal\" data-product-id=\"1361\" data-loading-text=\"Aguarde...\">\n    \t\t<span class=\"wfs_btn_txt\">Adicionar<\/span>\n    \t\t<i class=\"wfs-icon-plus\"><\/i>\n  \t\t<\/button>\n\n\t<\/div>\n<\/div><\/div><\/div><div class=\"fs-row\"><\/div>\n<div id=\"barca_end\"><\/div>\n<!--  Food Category Menu End --><\/div>\t<\/div>\n<\/div><\/div>\n\t\t\t\t<\/div>\n\t\t\t\t<\/div>\n\t\t\t\t\t<\/div>\n\t\t<\/div>\n\t\t\t\t\t<\/div>\n\t\t<\/section>\n\t\t\t\t<\/div>\n\t\t","protected":false},"excerpt":{"rendered":"<p>Nosso Card\u00e1pio Doce, cremoso e irresistivelmente delicioso assim \u00e9 o a\u00e7a\u00ed.<\/p>\n","protected":false},"author":1,"featured_media":0,"parent":0,"menu_order":0,"comment_status":"closed","ping_status":"closed","template":"","meta":{"footnotes":""},"_links":{"self":[{"href":"https:\/\/criandu.com.br\/acaidelicia\/wp-json\/wp\/v2\/pages\/687"}],"collection":[{"href":"https:\/\/criandu.com.br\/acaidelicia\/wp-json\/wp\/v2\/pages"}],"about":[{"href":"https:\/\/criandu.com.br\/acaidelicia\/wp-json\/wp\/v2\/types\/page"}],"author":[{"embeddable":true,"href":"https:\/\/criandu.com.br\/acaidelicia\/wp-json\/wp\/v2\/users\/1"}],"replies":[{"embeddable":true,"href":"https:\/\/criandu.com.br\/acaidelicia\/wp-json\/wp\/v2\/comments?post=687"}],"version-history":[{"count":244,"href":"https:\/\/criandu.com.br\/acaidelicia\/wp-json\/wp\/v2\/pages\/687\/revisions"}],"predecessor-version":[{"id":1437,"href":"https:\/\/criandu.com.br\/acaidelicia\/wp-json\/wp\/v2\/pages\/687\/revisions\/1437"}],"wp:attachment":[{"href":"https:\/\/criandu.com.br\/acaidelicia\/wp-json\/wp\/v2\/media?parent=687"}],"curies":[{"name":"wp","href":"https:\/\/api.w.org\/{rel}","templated":true}]}}